{"id":2029,"date":"2016-11-03T09:48:20","date_gmt":"2016-11-03T09:48:20","guid":{"rendered":"http:\/\/luxxyarns.com\/en\/?page_id=2029"},"modified":"2020-04-21T14:20:21","modified_gmt":"2020-04-21T14:20:21","slug":"kontakt","status":"publish","type":"page","link":"https:\/\/cms.luxxyarns.com\/en\/kontakt\/","title":{"rendered":"Contact"},"content":{"rendered":"<div class=\"wpb-content-wrapper\"><p>[vc_row][vc_column width=&#8221;1\/4&#8243;][vc_single_image image=&#8221;51115&#8243; img_size=&#8221;200&#215;100&#8243; onclick=&#8221;custom_link&#8221; img_link_target=&#8221;_blank&#8221; link=&#8221;https:\/\/www.ravelry.com\/people\/Luxx-Yarns&#8221;][vc_empty_space][vc_column_text]<\/p>\n<p style=\"text-align: center;\"><div  data-pre_filled=\"https:\/\/cms.luxxyarns.com\/en\/kontakt\/ - Contact\" data-style=\"4\" style=\"display: inline; cursor: pointer; z-index: 99999999; \" class=\"ht-ctc-sc ht-ctc-sc-chat sc-style-4 ht-ctc-inline\">\n    <div class=\"ctc_chip ctc-analytics ctc_cta\" style=\"display:inline-flex;;justify-content:center;align-items:center;background-color:#e4e4e4;color:#7f7d7d;padding:0 12px;border-radius:25px;font-size:13px;line-height:32px;\">\n        <span style=\"margin:0 8px 0 -12px;;order:0;\"><svg style=\"pointer-events:none; display: block; height:32px; width:32px;\" width=\"32px\" height=\"32px\" viewBox=\"0 0 1219.547 1225.016\">\n            <path style=\"fill: #E0E0E0;\" fill=\"#E0E0E0\" d=\"M1041.858 178.02C927.206 63.289 774.753.07 612.325 0 277.617 0 5.232 272.298 5.098 606.991c-.039 106.986 27.915 211.42 81.048 303.476L0 1225.016l321.898-84.406c88.689 48.368 188.547 73.855 290.166 73.896h.258.003c334.654 0 607.08-272.346 607.222-607.023.056-162.208-63.052-314.724-177.689-429.463zm-429.533 933.963h-.197c-90.578-.048-179.402-24.366-256.878-70.339l-18.438-10.93-191.021 50.083 51-186.176-12.013-19.087c-50.525-80.336-77.198-173.175-77.16-268.504.111-278.186 226.507-504.503 504.898-504.503 134.812.056 261.519 52.604 356.814 147.965 95.289 95.36 147.728 222.128 147.688 356.948-.118 278.195-226.522 504.543-504.693 504.543z\"\/>\n            <linearGradient id=\"htwaicona-chat-sc\" gradientUnits=\"userSpaceOnUse\" x1=\"609.77\" y1=\"1190.114\" x2=\"609.77\" y2=\"21.084\">\n                <stop offset=\"0\" stop-color=\"#20b038\"\/>\n                <stop offset=\"1\" stop-color=\"#60d66a\"\/>\n            <\/linearGradient>\n            <path style=\"fill: url(#htwaicona-chat-sc);\" fill=\"url(#htwaicona-chat-sc)\" d=\"M27.875 1190.114l82.211-300.18c-50.719-87.852-77.391-187.523-77.359-289.602.133-319.398 260.078-579.25 579.469-579.25 155.016.07 300.508 60.398 409.898 169.891 109.414 109.492 169.633 255.031 169.57 409.812-.133 319.406-260.094 579.281-579.445 579.281-.023 0 .016 0 0 0h-.258c-96.977-.031-192.266-24.375-276.898-70.5l-307.188 80.548z\"\/>\n            <image overflow=\"visible\" opacity=\".08\" width=\"682\" height=\"639\" transform=\"translate(270.984 291.372)\"\/>\n            <path fill-rule=\"evenodd\" clip-rule=\"evenodd\" style=\"fill: #FFFFFF;\" fill=\"#FFF\" d=\"M462.273 349.294c-11.234-24.977-23.062-25.477-33.75-25.914-8.742-.375-18.75-.352-28.742-.352-10 0-26.25 3.758-39.992 18.766-13.75 15.008-52.5 51.289-52.5 125.078 0 73.797 53.75 145.102 61.242 155.117 7.5 10 103.758 166.266 256.203 226.383 126.695 49.961 152.477 40.023 179.977 37.523s88.734-36.273 101.234-71.297c12.5-35.016 12.5-65.031 8.75-71.305-3.75-6.25-13.75-10-28.75-17.5s-88.734-43.789-102.484-48.789-23.75-7.5-33.75 7.516c-10 15-38.727 48.773-47.477 58.773-8.75 10.023-17.5 11.273-32.5 3.773-15-7.523-63.305-23.344-120.609-74.438-44.586-39.75-74.688-88.844-83.438-103.859-8.75-15-.938-23.125 6.586-30.602 6.734-6.719 15-17.508 22.5-26.266 7.484-8.758 9.984-15.008 14.984-25.008 5-10.016 2.5-18.773-1.25-26.273s-32.898-81.67-46.234-111.326z\"\/>\n            <path style=\"fill: #FFFFFF;\" fill=\"#FFF\" d=\"M1036.898 176.091C923.562 62.677 772.859.185 612.297.114 281.43.114 12.172 269.286 12.039 600.137 12 705.896 39.633 809.13 92.156 900.13L7 1211.067l318.203-83.438c87.672 47.812 186.383 73.008 286.836 73.047h.255.003c330.812 0 600.109-269.219 600.25-600.055.055-160.343-62.328-311.108-175.649-424.53zm-424.601 923.242h-.195c-89.539-.047-177.344-24.086-253.93-69.531l-18.227-10.805-188.828 49.508 50.414-184.039-11.875-18.867c-49.945-79.414-76.312-171.188-76.273-265.422.109-274.992 223.906-498.711 499.102-498.711 133.266.055 258.516 52 352.719 146.266 94.195 94.266 146.031 219.578 145.992 352.852-.118 274.999-223.923 498.749-498.899 498.749z\"\/>\n        <\/svg><\/span>\n        <span>Kontakt \u00fcber WhatsApp<\/span>\n    <\/div>\n<\/div>\n<p>[\/vc_column_text][\/vc_column][vc_column width=&#8221;3\/4&#8243;][vc_column_text]<\/p>\n<div class=\"caldera-grid\" id=\"caldera_form_1\" data-cf-ver=\"1.9.7\" data-cf-form-id=\"CF5e63553ab23f3\"><div id=\"caldera_notices_1\" data-spinner=\"https:\/\/cms.luxxyarns.com\/wp-admin\/images\/spinner.gif\"><\/div><form data-instance=\"1\" class=\"CF5e63553ab23f3 caldera_forms_form cfajax-trigger\" method=\"POST\" enctype=\"multipart\/form-data\" id=\"CF5e63553ab23f3_1\" data-form-id=\"CF5e63553ab23f3\" aria-label=\"Contact Us\" data-target=\"#caldera_notices_1\" data-template=\"#cfajax_CF5e63553ab23f3-tmpl\" data-cfajax=\"CF5e63553ab23f3\" data-load-element=\"_parent\" data-load-class=\"cf_processing\" data-post-disable=\"0\" data-action=\"cf_process_ajax_submit\" data-request=\"https:\/\/cms.luxxyarns.com\/en\/\/cf-api\/CF5e63553ab23f3\" data-hiderows=\"true\">\r\n<input type=\"hidden\" id=\"_cf_verify_CF5e63553ab23f3\" name=\"_cf_verify\" value=\"0037391c59\"  data-nonce-time=\"1777816794\" \/><input type=\"hidden\" name=\"_wp_http_referer\" value=\"\/en\/wp-json\/wp\/v2\/pages\/2029\" \/><div id=\"cf2-CF5e63553ab23f3_1\"><\/div><input type=\"hidden\" name=\"_cf_frm_id\" value=\"CF5e63553ab23f3\">\r\n<input type=\"hidden\" name=\"_cf_frm_ct\" value=\"1\">\r\n<input type=\"hidden\" name=\"cfajax\" value=\"CF5e63553ab23f3\">\r\n<input type=\"hidden\" name=\"_cf_cr_pst\" value=\"2029\">\r\n<div class=\"hide\" style=\"display:none; overflow:hidden;height:0;width:0;\">\r\n<label>Twitter<\/label><input type=\"text\" name=\"twitter\" value=\"\" autocomplete=\"off\">\r\n<\/div><div id=\"CF5e63553ab23f3_1-row-1\"  class=\"row  first_row\"><div  class=\"col-sm-12  single\"><div class=\"\"><h2>Contact Us<\/h2>\n<p>Please leave a comment or a question<\/p>\n<\/div><\/div><\/div><div id=\"CF5e63553ab23f3_1-row-2\"  class=\"row \"><div  class=\"col-sm-4  first_col\"><div data-field-wrapper=\"fld_8768091\" class=\"form-group\" id=\"fld_8768091_1-wrap\">\r\n\t<label id=\"fld_8768091Label\" for=\"fld_8768091_1\" class=\"control-label\">First Name <span aria-hidden=\"true\" role=\"presentation\" class=\"field_required\" style=\"color:#ee0000;\">*<\/span><\/label>\r\n\t<div class=\"\">\r\n\t\t<input   required type=\"text\" data-field=\"fld_8768091\" class=\" form-control\" id=\"fld_8768091_1\" name=\"fld_8768091\" value=\"\" data-type=\"text\" aria-required=\"true\"   aria-labelledby=\"fld_8768091Label\" >\t\t\t<\/div>\r\n<\/div>\r\n<\/div><div  class=\"col-sm-4 \"><div data-field-wrapper=\"fld_9970286\" class=\"form-group\" id=\"fld_9970286_1-wrap\">\r\n\t<label id=\"fld_9970286Label\" for=\"fld_9970286_1\" class=\"control-label\">Last Name <span aria-hidden=\"true\" role=\"presentation\" class=\"field_required\" style=\"color:#ee0000;\">*<\/span><\/label>\r\n\t<div class=\"\">\r\n\t\t<input   required type=\"text\" data-field=\"fld_9970286\" class=\" form-control\" id=\"fld_9970286_1\" name=\"fld_9970286\" value=\"\" data-type=\"text\" aria-required=\"true\"   aria-labelledby=\"fld_9970286Label\" >\t\t\t<\/div>\r\n<\/div>\r\n<\/div><div  class=\"col-sm-4  last_col\"><div data-field-wrapper=\"fld_6009157\" class=\"form-group\" id=\"fld_6009157_1-wrap\">\r\n\t<label id=\"fld_6009157Label\" for=\"fld_6009157_1\" class=\"control-label\">Email Adresse <span aria-hidden=\"true\" role=\"presentation\" class=\"field_required\" style=\"color:#ee0000;\">*<\/span><\/label>\r\n\t<div class=\"\">\r\n\t\t<input   required type=\"email\" data-field=\"fld_6009157\" class=\" form-control\" id=\"fld_6009157_1\" name=\"fld_6009157\" value=\"\" data-type=\"email\" aria-required=\"true\"   aria-labelledby=\"fld_6009157Label\" >\t\t\t<\/div>\r\n<\/div>\r\n<\/div><\/div><div id=\"CF5e63553ab23f3_1-row-3\"  class=\"row \"><div  class=\"col-sm-12  single\"><div data-field-wrapper=\"fld_7683514\" class=\"form-group\" id=\"fld_7683514_1-wrap\">\r\n\t<label id=\"fld_7683514Label\" for=\"fld_7683514_1\" class=\"control-label\">Comments \/ Questions <span aria-hidden=\"true\" role=\"presentation\" class=\"field_required\" style=\"color:#ee0000;\">*<\/span><\/label>\r\n\t<div class=\"\">\r\n\t\t<textarea name=\"fld_7683514\" value=\"\" data-field=\"fld_7683514\" class=\"form-control\" id=\"fld_7683514_1\" rows=\"7\"  required=\"required\"  aria-labelledby=\"fld_7683514Label\" ><\/textarea>\n\t\t\t<\/div>\r\n<\/div>\r\n<\/div><\/div><div id=\"CF5e63553ab23f3_1-row-4\"  class=\"row \"><div  class=\"col-sm-12  single\"><div data-field-wrapper=\"fld_1366723\" class=\"form-group\" id=\"fld_1366723_1-wrap\">\r\n\t<label id=\"fld_1366723Label\" for=\"fld_1366723_1\" class=\"control-label\">GDPR Consent <span aria-hidden=\"true\" role=\"presentation\" class=\"field_required\" style=\"color:#ee0000;\">*<\/span><\/label>\r\n\t<div class=\"\">\r\n\t\t<select name=\"fld_1366723\" value=\"opt1190744\" data-field=\"fld_1366723\" class=\"form-control\" id=\"fld_1366723_1\"  required=\"required\"  aria-labelledby=\"fld_1366723Label\" aria-describedby=\"fld_1366723Caption\" >\n\t\t\t\t\t\t\t<option value=\"Accept GDPR \/ Privacy Policy\" selected=\"selected\" data-calc-value=\"Accept GDPR \/ Privacy Policy\" >\n\t\t\t\t\t\tAccept GDPR \/ Privacy Policy\t\t\t\t\t<\/option>\n\t\t\t\t\t\t\t<\/select>\n\t\t<span id=\"fld_1366723Caption\" class=\"help-block\">By using this form you agree with the storage and handling of your data by this website.<\/span>\r\n\t<\/div>\r\n<\/div>\r\n<div data-field-wrapper=\"fld_7908577\" class=\"form-group\" id=\"fld_7908577_1-wrap\">\r\n<div class=\"\">\r\n\t<input  class=\"btn btn-default\" type=\"submit\" name=\"fld_7908577\" id=\"fld_7908577_1\" value=\"Send Message\" data-field=\"fld_7908577\"  >\n<\/div>\r\n<\/div>\r\n\t<input class=\"button_trigger_1\" type=\"hidden\" name=\"fld_7908577\" id=\"fld_7908577_1_btn\" value=\"\" data-field=\"fld_7908577\"  \/>\n<\/div><\/div><div id=\"CF5e63553ab23f3_1-row-5\"  class=\"row  last_row\"><div  class=\"col-sm-12  single\"><div data-field-wrapper=\"fld_5485198\" class=\"form-group\" id=\"fld_5485198_1-wrap\">\r\n\n\n<div class=\"\">\r\n\n<input   required type=\"hidden\" data-field=\"fld_5485198\" class=\" form-control\" id=\"fld_5485198_1\" name=\"fld_5485198\" value=\"\" data-type=\"recaptcha\" aria-required=\"true\"   aria-labelledby=\"fld_5485198Label\" >\n\t<div id=\"capfld_5485198_1\"><\/div>\n\n\n<\/div>\r\n\n<\/div>\r\n<\/div><\/div><\/form>\r\n<\/div>\r\n\n<h3>LuxxLetter Signup<\/h3>\n<p><script>(function() {\n\twindow.mc4wp = window.mc4wp || {\n\t\tlisteners: [],\n\t\tforms: {\n\t\t\ton: function(evt, cb) {\n\t\t\t\twindow.mc4wp.listeners.push(\n\t\t\t\t\t{\n\t\t\t\t\t\tevent   : evt,\n\t\t\t\t\t\tcallback: cb\n\t\t\t\t\t}\n\t\t\t\t);\n\t\t\t}\n\t\t}\n\t}\n})();\n<\/script><!-- Mailchimp for WordPress v4.12.2 - https:\/\/wordpress.org\/plugins\/mailchimp-for-wp\/ --><form id=\"mc4wp-form-1\" class=\"mc4wp-form mc4wp-form-104\" method=\"post\" data-id=\"104\" data-name=\"LuxxLetter\" ><div class=\"mc4wp-form-fields\"><label>Melde Dich f\u00fcr den LuxxLetter an, um fr\u00fchzeitig \u00fcber Aktionen informiert zu werden.<\/label>\r\n  \r\n<p>\r\n     <input type=\"email\" name=\"EMAIL\" placeholder=\"Bitte Email Adresse eingeben\"\r\n    required=\"\">\r\n<\/p>\r\n<p>\r\n  Ich habe die <a href=\"\">Datenschutzbedingungen<\/a> gelesen und stimme diesen ausdr\u00fccklich zu.\u00a0<input type=\"checkbox\" name=\"dsgvoaio_mc_checkbox\" required\/><\/p><p><input type=\"submit\" value=\"Subscribe\">\r\n<\/p>\r\n\r\nIch habe die <a style=\"color:#000000; href=\"http:\/\/luxxyarns.com\/datenschutzbelehrung\/\">Datenschutzbedingungen<\/a> gelesen und stimme diesen ausdr\u00fccklich zu.\u00a0\r\n \r\n<\/div><label style=\"display: none !important;\">Leave this field empty if you're human: <input type=\"text\" name=\"_mc4wp_honeypot\" value=\"\" tabindex=\"-1\" autocomplete=\"off\" \/><\/label><input type=\"hidden\" name=\"_mc4wp_timestamp\" value=\"1777816794\" \/><input type=\"hidden\" name=\"_mc4wp_form_id\" value=\"104\" \/><input type=\"hidden\" name=\"_mc4wp_form_element_id\" value=\"mc4wp-form-1\" \/><div class=\"mc4wp-response\"><\/div><\/form><!-- \/ Mailchimp for WordPress Plugin -->[\/vc_column_text][\/vc_column][\/vc_row]<\/p>\n<\/div>","protected":false},"excerpt":{"rendered":"<p>[vc_row][vc_column width=&#8221;1\/4&#8243;][vc_single_image image=&#8221;51115&#8243; img_size=&#8221;200&#215;100&#8243; onclick=&#8221;custom_link&#8221; img_link_target=&#8221;_blank&#8221; link=&#8221;https:\/\/www.ravelry.com\/people\/Luxx-Yarns&#8221;][vc_empty_space][vc_column_text] [\/vc_column_text][\/vc_column][vc_column width=&#8221;3\/4&#8243;][vc_column_text] LuxxLetter Signup [\/vc_column_text][\/vc_column][\/vc_row]<\/p>\n","protected":false},"author":1,"featured_media":0,"parent":0,"menu_order":0,"comment_status":"closed","ping_status":"closed","template":"","meta":{"footnotes":""},"class_list":["post-2029","page","type-page","status-publish","hentry"],"_links":{"self":[{"href":"https:\/\/cms.luxxyarns.com\/en\/wp-json\/wp\/v2\/pages\/2029","targetHints":{"allow":["GET"]}}],"collection":[{"href":"https:\/\/cms.luxxyarns.com\/en\/wp-json\/wp\/v2\/pages"}],"about":[{"href":"https:\/\/cms.luxxyarns.com\/en\/wp-json\/wp\/v2\/types\/page"}],"author":[{"embeddable":true,"href":"https:\/\/cms.luxxyarns.com\/en\/wp-json\/wp\/v2\/users\/1"}],"replies":[{"embeddable":true,"href":"https:\/\/cms.luxxyarns.com\/en\/wp-json\/wp\/v2\/comments?post=2029"}],"version-history":[{"count":0,"href":"https:\/\/cms.luxxyarns.com\/en\/wp-json\/wp\/v2\/pages\/2029\/revisions"}],"wp:attachment":[{"href":"https:\/\/cms.luxxyarns.com\/en\/wp-json\/wp\/v2\/media?parent=2029"}],"curies":[{"name":"wp","href":"https:\/\/api.w.org\/{rel}","templated":true}]}}